{"id":15,"date":"2021-01-19T12:15:29","date_gmt":"2021-01-19T12:15:29","guid":{"rendered":"https:\/\/connect.basx.org\/?page_id=15"},"modified":"2022-04-29T07:54:59","modified_gmt":"2022-04-29T07:54:59","slug":"15-2","status":"publish","type":"page","link":"https:\/\/connect.basx.org\/pt\/","title":{"rendered":"Home"},"content":{"rendered":"\n<p class=\"has-text-align-center has-text-color\" style=\"font-size:16px;margin-bottom:0.25rem\"><i>(This project is work in progress, the page below describes what we want to achieve until end of 2021)<\/i><\/p>\n\n\n\n<p class=\"has-text-align-center has-text-color\" style=\"color:#0033a0;font-size:72px;margin-bottom:0.25rem\"><strong>basxConnect<\/strong><\/p>\n\n\n\n<p class=\"has-text-align-center\" style=\"font-size:30px\">A estrutura de base de dados aberta para organiza\u00e7\u00f5es sem fins lucrativos.<\/p>\n\n\n\n<div class=\"wp-block-image is-style-default\"><figure class=\"aligncenter size-large is-resized\"><a href=\"https:\/\/connect.basx.org\/wp-content\/uploads\/2021\/01\/basxConnectScreenshot-1.png\"><img loading=\"lazy\" decoding=\"async\" src=\"https:\/\/connect.basx.org\/wp-content\/uploads\/2021\/01\/basxConnectScreenshot-1-1024x821.png\" alt=\"\" class=\"wp-image-90\" width=\"467\" height=\"373\" srcset=\"https:\/\/connect.basx.org\/wp-content\/uploads\/2021\/01\/basxConnectScreenshot-1-1024x821.png 1024w, https:\/\/connect.basx.org\/wp-content\/uploads\/2021\/01\/basxConnectScreenshot-1-300x241.png 300w\" sizes=\"auto, (max-width: 467px) 100vw, 467px\" \/><\/a><\/figure><\/div>\n\n\n\n<p class=\"has-medium-font-size\">Alguma vez trabalhou com um CRM dif\u00edcil de ampliar e personificar? Ou perguntou a si mesmo se a sua organiza\u00e7\u00e3o deve usar SAP, Micrisoft Navision ou Salesforce? Nesse caso basxConnect (pronuncia-se &#8220;basic connect&#8221;) seja a solu\u00e7\u00e3o ideal para si. basxConnect vem com os seguintes recursos:<\/p>\n\n\n\n<ul class=\"wp-block-list\"><li>Modelos de dados b\u00e1sicos de CRM leves e fluidez de trabalho<\/li><li>Interface de banco de dados baseada na web<\/li><li>Usu\u00e1rio, fun\u00e7\u00e3o e permiss\u00e3o<\/li><li>APls simples e bem documentadas para r\u00e1pida cria\u00e7\u00e3o de prot\u00f3tipos e a sua exten\u00e7\u00e3o<\/li><\/ul>\n\n\n\n<p class=\"has-medium-font-size\">No entanto, onde o basxConnect realmente brilha s\u00e3o nos mecanismos de exten\u00e7\u00e3o para desenvolvedores. Precisar\u00e1 provavelmente de um programador para libertar todo o pot\u00eancial do basxConnect. Mas em vez de um desenvolvedor de consultoria caro, pode come\u00e7ar com um membro de TI qualificado dentro da sua organiza\u00e7\u00e3o ou contratar um programa\u00e7\u00e3o aut\u00f4nomo.<\/p>\n\n\n\n<p><\/p>\n\n\n\n<div class=\"wp-block-group alignwide\"><div class=\"wp-block-group__inner-container is-layout-flow wp-block-group-is-layout-flow\">\n<div class=\"wp-block-columns alignwide is-layout-flex wp-container-core-columns-is-layout-9d6595d7 wp-block-columns-is-layout-flex\">\n<div class=\"wp-block-column is-layout-flow wp-block-column-is-layout-flow\">\n<p class=\"has-text-align-center has-large-font-size\">Para gerente e administradores<\/p>\n\n\n\n<ul class=\"wp-block-list\"><li><strong>C\u00f3digo aberto<\/strong><br>Sem custos de licen\u00e7a e sem depend\u00eancia de fornecedor.<\/li><li><strong>Estabilidade de longa dura\u00e7\u00e3o<\/strong><br>O desenvolvimento do basxConnect \u00e9 pago por membros da basx Software Association, que garante o desenvolvimento est\u00e1vel e a melhoria do sistema ao longo do tempo.<\/li><li><strong>C\u00f3digo aberto<\/strong><br>Sem custos de licen\u00e7a e sem depend\u00eancia de fornecedor.<\/li><li><strong>Estabilidade de longa dura\u00e7\u00e3o<\/strong><br>O desenvolvimento do basxConnect \u00e9 pago por membros da basx Software Association, que garante o desenvolvimento est\u00e1vel e a melhoria do sistema ao longo do tempo.<\/li><li><strong>Interface de usu\u00e1rio simples e feita sob medida<\/strong><br>basxConnect n\u00e3o imp\u00f5e suposi\u00e7\u00f5es sobre sua organiza\u00e7\u00e3o e como ela funciona. Em vez disso, a composi\u00e7\u00e3o de uma solu\u00e7\u00e3o personalizada e adequada \u00e9 adotada.<\/li><\/ul>\n\n\n\n<p><\/p>\n<\/div>\n\n\n\n<div class=\"wp-block-column is-layout-flow wp-block-column-is-layout-flow\">\n<p class=\"has-text-align-center has-large-font-size\">Para desenvolvedores<\/p>\n\n\n\n<ul class=\"wp-block-list\"><li><strong>De p\u00e9 sobre os ombros do gigante<\/strong><br>O basxConnect \u00e9 baseado em projetos comprovados em batalha e mantidos a longo prazo, como django, sqlite e o sistema de design de carbono.<\/li><li><strong>Desenvolvimento p\u00fablico do sistema central no Github<\/strong><br>Contribui\u00e7\u00f5es e problemas podem ser facilmente tratados, e pedidos de solicita\u00e7\u00f5es s\u00e3o bem-vindos.<\/li><li><strong>Forte documenta\u00e7\u00e3o<\/strong><br>O basxConnect fornece documenta\u00e7\u00e3o e exemplos para fazer com que novos desenvolvedores iniciem rapidamente. Desenvolvedores experientes tamb\u00e9m achar\u00e3o conveniente a documenta\u00e7\u00e3o adicional para a maioria das depend\u00eancias externas.<\/li><\/ul>\n\n\n\n<p><\/p>\n<\/div>\n<\/div>\n<\/div><\/div>\n\n\n\n<p class=\"has-text-align-center\" style=\"font-size:24px\">Quest\u00f5es? Contacte-nos atrav\u00e9s do <a href=\"https:\/\/connect.basx.org\/?page_id=65\" data-type=\"page\" data-id=\"65\">contact form<\/a> ou atr\u00e1ves de um dos nossos <a rel=\"noreferrer noopener\" href=\"https:\/\/github.com\/basxsoftwareassociation\" data-type=\"URL\" data-id=\"https:\/\/github.com\/basxsoftwareassociation\" target=\"_blank\">Github repositories<\/a>.<\/p>\n\n\n\n<hr class=\"wp-block-separator alignwide\"\/>\n\n\n\n<p><\/p>\n","protected":false},"excerpt":{"rendered":"<p>(This project is work in progress, the page below describes what we want to achieve until end of 2021) basxConnect A estrutura de base de dados aberta para organiza\u00e7\u00f5es sem fins lucrativos. Alguma vez trabalhou com um CRM dif\u00edcil de ampliar e personificar? Ou perguntou a si mesmo se a sua organiza\u00e7\u00e3o deve usar SAP, &hellip;<\/p>\n<p class=\"read-more\"> <a class=\"\" href=\"https:\/\/connect.basx.org\/pt\/\"> <span class=\"screen-reader-text\">Home<\/span> Read More &raquo;<\/a><\/p>\n","protected":false},"author":1,"featured_media":0,"parent":0,"menu_order":0,"comment_status":"closed","ping_status":"closed","template":"","meta":{"_uag_custom_page_level_css":"","site-sidebar-layout":"default","site-content-layout":"plain-container","ast-main-header-display":"","ast-hfb-above-header-display":"","ast-hfb-below-header-display":"","ast-hfb-mobile-header-display":"","site-post-title":"disabled","ast-breadcrumbs-content":"","ast-featured-img":"","footer-sml-layout":"","theme-transparent-header-meta":"default","adv-header-id-meta":"","stick-header-meta":"","header-above-stick-meta":"","header-main-stick-meta":"","header-below-stick-meta":"","footnotes":""},"class_list":["post-15","page","type-page","status-publish","hentry"],"translation":{"provider":"WPGlobus","version":"3.0.2","language":"pt","enabled_languages":["en","pt","th"],"languages":{"en":{"title":true,"content":true,"excerpt":false},"pt":{"title":false,"content":true,"excerpt":false},"th":{"title":true,"content":true,"excerpt":false}}},"uagb_featured_image_src":{"full":false,"thumbnail":false,"medium":false,"medium_large":false,"large":false,"1536x1536":false,"2048x2048":false},"uagb_author_info":{"display_name":"Admin","author_link":"https:\/\/connect.basx.org\/pt\/author\/admin\/"},"uagb_comment_info":0,"uagb_excerpt":"(This project is work in progress, the page below describes what we want to achieve until end of 2021) basxConnect A estrutura de base de dados aberta para organiza\u00e7\u00f5es sem fins lucrativos. Alguma vez trabalhou com um CRM dif\u00edcil de ampliar e personificar? Ou perguntou a si mesmo se a sua organiza\u00e7\u00e3o deve usar SAP,&hellip;","post_mailing_queue_ids":[],"_links":{"self":[{"href":"https:\/\/connect.basx.org\/pt\/wp-json\/wp\/v2\/pages\/15","targetHints":{"allow":["GET"]}}],"collection":[{"href":"https:\/\/connect.basx.org\/pt\/wp-json\/wp\/v2\/pages"}],"about":[{"href":"https:\/\/connect.basx.org\/pt\/wp-json\/wp\/v2\/types\/page"}],"author":[{"embeddable":true,"href":"https:\/\/connect.basx.org\/pt\/wp-json\/wp\/v2\/users\/1"}],"replies":[{"embeddable":true,"href":"https:\/\/connect.basx.org\/pt\/wp-json\/wp\/v2\/comments?post=15"}],"version-history":[{"count":63,"href":"https:\/\/connect.basx.org\/pt\/wp-json\/wp\/v2\/pages\/15\/revisions"}],"predecessor-version":[{"id":247,"href":"https:\/\/connect.basx.org\/pt\/wp-json\/wp\/v2\/pages\/15\/revisions\/247"}],"wp:attachment":[{"href":"https:\/\/connect.basx.org\/pt\/wp-json\/wp\/v2\/media?parent=15"}],"curies":[{"name":"wp","href":"https:\/\/api.w.org\/{rel}","templated":true}]}}